{"id":167,"date":"2013-08-14T19:30:55","date_gmt":"2013-08-14T17:30:55","guid":{"rendered":"http:\/\/cassianherzog.de\/wordpress\/?page_id=167"},"modified":"2015-07-04T10:18:09","modified_gmt":"2015-07-04T08:18:09","slug":"projektauswahl","status":"publish","type":"page","link":"http:\/\/cassianherzog.de\/?page_id=167","title":{"rendered":"Projektauswahl"},"content":{"rendered":"<p><strong>Start-up Beratung<br \/>\n<a href=\"http:\/\/cassianherzog.de\/wordpress\/wp-content\/uploads\/2015\/04\/AST_Logo_final_51_50x50_web_white.png\"><img loading=\"lazy\" decoding=\"async\" class=\"alignleft wp-image-626 size-full\" title=\"AST Logo Design: Cassian Herzog\" src=\"http:\/\/cassianherzog.de\/wordpress\/wp-content\/uploads\/2015\/04\/AST_Logo_final_51_50x50_web_white.png\" alt=\"AST Logo Design: Cassian Herzog\" width=\"142\" height=\"142\" \/><\/a><\/strong>Ein Start-up aus dem Bereich der alternativen Medizin ben\u00f6tigte Hilfe bei der Konzeption, Strukturierung und Umsetzung seines Aussenauftritts. Ich entwarf das Logo, unterst\u00fctzte technisch und gestalterisch das gesamte CI, angefangen von der zuk\u00fcnftigen Struktur der Datenverwaltung \u00fcber die Produktgestaltung bis hin zum Webshop f\u00fcr den Vertrieb war ich Ansprechpartner und Hilfe bei der Umsetzung f\u00fcr zahllose kleinere und gr\u00f6\u00dfere Entscheidungsprozesse.<\/p>\n<p>&nbsp;<\/p>\n<p><strong>CI<\/strong><br \/>\n<a href=\"http:\/\/cassianherzog.de\/wordpress\/wp-content\/uploads\/2013\/08\/Bauschild_TGZ_BVV.png\"><img loading=\"lazy\" decoding=\"async\" class=\" alignleft\" title=\"Bauschild TGZ BVV, Graphic Design + CI: Cassian Herzog\" src=\"http:\/\/cassianherzog.de\/wordpress\/wp-content\/uploads\/2013\/08\/Bauschild_TGZ_BVV-300x182.png\" alt=\"Bauschild TGZ BVV, Graphic Design + CI: Cassian Herzog\" width=\"300\" height=\"182\" \/><\/a><a href=\"http:\/\/cassianherzog.de\/wordpress\/wp-content\/uploads\/2013\/08\/BVV_Logo.gif\"><img loading=\"lazy\" decoding=\"async\" class=\"alignright\" title=\"BVV Logo\" src=\"http:\/\/cassianherzog.de\/wordpress\/wp-content\/uploads\/2013\/08\/BVV_Logo-300x102.gif\" alt=\"BVV Logo\" width=\"250\" height=\"85\" \/><\/a>Die Aufgabe bestand darin, f\u00fcr einen Investor eine komplett neue Corporate Identity f\u00fcr seine Firma und sein aktuelles Projekt inklusive eines Bauschildes zu entwerfen. Neben dem gezeigten Bauschild brauchte das Geb\u00e4ude einen Namen (Wortmarke, Lang- und Kurzform) und die dahinterstehende Firma eine neue Identit\u00e4t, bestehend aus Name, Logo, Briefpapier, Webseite, E-Mail Signatur und Visitenkarten.<\/p>\n<p>&nbsp;<\/p>\n<p><strong>\u00dcbersetzen und Texten<\/strong><br \/>\nIch \u00fcbersetze (De-En, En-De) seit Jahren komplexe Texte aus unterschiedlichen Bereichen, darunter viele philosophische. Meine Arbeitsweise beinhaltet regelm\u00e4\u00dfig, die Essenz zu extrahieren und diese zu transformieren. So habe ich zum Beispiel die englische Doktorarbeit eines Mediziners so adaptiert, dass sie nach mehrerer erfolglosen Versuchen nach meiner Bearbeitung akzeptiert wurde.<\/p>\n<p><strong>Mediation<\/strong><br \/>\nF\u00fcr eine Gruppe von f\u00fcnf Teilhabern einer chinesischen Firma habe ich \u00fcber mehrere Monate Mediation betrieben. Ziel der Parteien mit unterschiedlichem Hintergrund (eine Designerin, ein Weltbanker, ein Inhaber eines international t\u00e4tigen Konzerns, eine chinesische Doktorandin und ein chinesischer Gesch\u00e4ftsmann) war es, ihre Firma aufzul\u00f6sen. Mittelsmann war ein Buchhalter in Hong Kong. \u00dcber 2 Jahre inklusive mehrerer Missverst\u00e4ndnisse blieb der Versuch erfolglos. Ich habe es \u00fcbernommen (auf Englisch, via E-Mail), den jeweils anderen Parteien die einzelnen Sichtweisen zu erl\u00e4utern, und so eine Kommunikation erwirkt, die schliesslich zu einem vers\u00f6hnlichen Ende f\u00fcr alle f\u00fchrte, n\u00e4mlich der Aufl\u00f6sung der Firma. Ich selbst war auch schon einmal Partei einer Mediation, eine Tatsache, die mir sicherlich half, die Rolle des Mediators auszuf\u00fcllen.<\/p>\n<p><a name=\"Printmedien\"><\/a><span style=\"text-decoration: underline;\"><strong>Printmedien<\/strong><\/span><br \/>\n<strong>Monographie Oskar von Miller Forum<\/strong><br \/>\n<a href=\"http:\/\/cassianherzog.de\/wordpress\/wp-content\/uploads\/2013\/08\/OvMFCover.gif\"><img loading=\"lazy\" decoding=\"async\" class=\"size-full wp-image-197 alignleft\" title=\"OvMF Cover, Design: Cassian Herzog, Foto: Verena Herzog-Loibl\" src=\"http:\/\/cassianherzog.de\/wordpress\/wp-content\/uploads\/2013\/08\/OvMFCover.gif\" alt=\"OvMF Cover, Cover Design: Cassian Herzog, Foto: Verena Herzog-Loibl\" width=\"227\" height=\"142\" \/><\/a>Das Haus dient unter anderem als internationales Begegnungszentrum und die Monographie dient als Dokumentation der zugrundeliegenden Idee, von Baubeginn bis hin zur Inbetriebnahme. Zudem wird die im Geb\u00e4ude eingesetzte,\u00a0sehr komplexe, state-of-the-art Technologie im Bereich erneuerbare Energien in Schrift und Bild anschaulich erl\u00e4utert. Entscheidend ist auch, dass jede der am Projekt beteiligten Gruppen in der Dokumentation Erw\u00e4hnung findet, von der Ideefindung bis zum laufenden Betrieb.<br \/>\nMeine Arbeit begann mit dem Sammeln der Rohdaten von allen am Bauprojekt Beteiligten, teilweise erg\u00e4nzt durch zus\u00e4tzliches Erstellen von fehlendem Material. Danach folgte das Auswerten, Ausw\u00e4hlen und Anpassen der Daten, in Schrift und Bild. Ich habe das Konzept f\u00fcr das Buch erstellt, die Umsetzung koordiniert und ausgef\u00fchrt, bis hin zur Farbanpassung in der Druckerei.<\/p>\n<p><strong>Von der Europ\u00e4ischen zur Welt Charta<\/strong><br \/>\n<a href=\"http:\/\/cassianherzog.de\/wordpress\/wp-content\/uploads\/2013\/08\/Solarcharter.gif\"><img loading=\"lazy\" decoding=\"async\" class=\"wp-image-196 alignleft\" title=\"Solarcharter, Design: Cassian Herzog\" src=\"http:\/\/cassianherzog.de\/wordpress\/wp-content\/uploads\/2013\/08\/Solarcharter-295x300.gif\" alt=\"Solarcharter, Design: Cassian Herzog\" width=\"236\" height=\"240\" srcset=\"http:\/\/cassianherzog.de\/wordpress\/wp-content\/uploads\/2013\/08\/Solarcharter-295x300.gif 295w, http:\/\/cassianherzog.de\/wordpress\/wp-content\/uploads\/2013\/08\/Solarcharter-147x150.gif 147w\" sizes=\"auto, (max-width: 236px) 100vw, 236px\" \/><\/a>Anfang der 1990er Jahre wurde die Europ\u00e4ische Charta f\u00fcr Solarenergie in Architektur und Stadtplanung als offizielles EU Dokument \u00fcbernommen. Namhafte Architekten, die in diesem Bereich t\u00e4tig sind, haben Beitr\u00e4ge zum Inhalt geliefert und das Dokument als Leitfaden unterschrieben. Zun\u00e4chst gab es die Charta auf deutsch, englisch und italienisch.<br \/>\nMeine Arbeit begann mit sieben zus\u00e4tzlichen, halbfertigen Sprachversionen und Kontakten weltweit. Die Aufgabe bestand darin, den Inhalt kultur\u00fcbergreifend barrierefrei zug\u00e4nglich zu machen. Neben der internationalen Kommunikation f\u00fcr die Koordination der endg\u00fcltigen Druckversionen der Texte ging es darum, den Inhalt so in Form zu giessen, dass er \u00fcberall leicht verst\u00e4ndlich und zug\u00e4nglich gemacht wird &#8211; also ein Buch zu machen, das billig genug ist, dass man sich den Kauf nicht zweimal \u00fcberlegt, und das klein genug ist f\u00fcr jede Tasche. Es entstand &#8222;ein&#8220; zehnsprachiges Buch statt zehn einzelne. Die Idee war, Kulturen zu verbinden und die Nachricht so zu verst\u00e4rken.<\/p>\n<p><strong>Uffici Sostenibili &#8211; Sustainable Administration Buildings<\/strong><br \/>\n<a href=\"http:\/\/cassianherzog.de\/wordpress\/wp-content\/uploads\/2013\/08\/UfficiSostenibili_Cover.gif\"><img loading=\"lazy\" decoding=\"async\" class=\"size-medium wp-image-215 alignleft\" title=\"Uffici Sostenibili Cover, Design: Cassian Herzog\" src=\"http:\/\/cassianherzog.de\/wordpress\/wp-content\/uploads\/2013\/08\/UfficiSostenibili_Cover-300x184.gif\" alt=\"Uffici Sostenibili Cover, Design: Cassian Herzog\" width=\"300\" height=\"184\" srcset=\"http:\/\/cassianherzog.de\/wordpress\/wp-content\/uploads\/2013\/08\/UfficiSostenibili_Cover-300x184.gif 300w, http:\/\/cassianherzog.de\/wordpress\/wp-content\/uploads\/2013\/08\/UfficiSostenibili_Cover-244x150.gif 244w\" sizes=\"auto, (max-width: 300px) 100vw, 300px\" \/><\/a>Dieses Buch diente einem italienischen Verlag dazu, sein Angebot um Architekturb\u00fccher zu erweitern. Es ist angedacht als erstes einer m\u00f6glichen Reihe und hat als Alleinstellungsmerkmal die Dokumentation einer speziellen Nutzung (Verwaltungsgeb\u00e4ude) gepaart mit guter Umsetzung vom Einsatz erneuerbaren Energien.<br \/>\nVon der Idee f\u00fcr das Konzept \u00fcber Kontaktaufnahme zu B\u00fcros f\u00fcr m\u00f6gliche Publikationsbeitr\u00e4ge bis hin zur Abgabe der Druckdaten habe ich alles englisch und italienisch koordiniert und ausgef\u00fchrt; die Beschaffung, Auswahl, Anpassung der Daten bis hin zum fertigen Buch.<\/p>\n<p>&nbsp;<\/p>\n<p><strong>Monographie SOKA-BAU<\/strong><br \/>\n<a href=\"http:\/\/cassianherzog.de\/wordpress\/wp-content\/uploads\/2013\/08\/SOKACover.jpg\"><img loading=\"lazy\" decoding=\"async\" class=\"size-full wp-image-198 alignleft\" title=\"SOKA-BAU Cover, Design: Cassian Herzog, Foto: H.Goebel\" src=\"http:\/\/cassianherzog.de\/wordpress\/wp-content\/uploads\/2013\/08\/SOKACover.jpg\" alt=\"SOKA-BAU Cover, Design: Cassian Herzog, Foto: H.Goebel\" width=\"144\" height=\"180\" srcset=\"http:\/\/cassianherzog.de\/wordpress\/wp-content\/uploads\/2013\/08\/SOKACover.jpg 144w, http:\/\/cassianherzog.de\/wordpress\/wp-content\/uploads\/2013\/08\/SOKACover-120x150.jpg 120w\" sizes=\"auto, (max-width: 144px) 100vw, 144px\" \/><\/a>Das Geb\u00e4ude erhielt den europ\u00e4ischen Preis f\u00fcr Architektur und Technologie 2006, und das Preisgeld diente zur Erstellung dieser Dokumentation.<br \/>\nEs war mein erstes Buch und ebnete den Weg f\u00fcr vieles andere. Das Material war zu gro\u00dfen Teilen bereits vorhanden und meine Hauptaufgabe bestand somit in der Zusammenstellung. Auch hier ging es darum komplexe Inhalte und neue Erfindungen f\u00fcr jedermann gut verst\u00e4ndlich zu erkl\u00e4ren.<\/p>\n<p>&nbsp;<\/p>\n<p>&nbsp;<\/p>\n<p><a name=\"Struktursysteme\"><\/a><span style=\"text-decoration: underline;\"><strong>Struktursysteme<br \/>\n<\/strong><\/span><strong>Info-Leit-System<\/strong><br \/>\nF\u00fcr ein internationales Begegnungszentrum mit Wohnheim, Apartments, Verwaltungstrakt, Konferenz- und Vortrags\u00e4len wurde eine Info-Leit-System ben\u00f6tigt.<br \/>\nAls Teil eines Teams habe ich f\u00fcr jeden Raum des mehrst\u00f6ckigen Hauses eine Bedarfsliste erstellt, die Struktur und das Konzept des Systems mitentwickelt und mich um die Umsetzung gek\u00fcmmert. Ergebnis waren ein paar hundert Schilder, inklusive der von Otl Aicher f\u00fcr die Olympischen Spiele in M\u00fcnchen entwickelten Piktogramme.<\/p>\n<p><strong>Fotoarchiv<\/strong><br \/>\nF\u00fcr ein international t\u00e4tiges Architekturb\u00fcro habe ich die Nomenklatur f\u00fcr ein Fotoarchiv entscheidend mitentwickelt und ein System erfunden, dass eine einfache software-unabh\u00e4ngige Bearbeitung und Pflege erm\u00f6glicht, die plattform\u00fcbergreifend funktioniert. Besonders komplex ist die Aufgabe durch zwei Aspekte: Die Fotos stammen aus mehreren unterschiedlichen Quellen, und die Pflege erfolgt durch Fachfremde. Einfachheit und Benutzerfreundlichkeit stehen somit neben Fehlerfreundlichkeit im Vordergrund. Das System muss sowohl firmen-intern f\u00fcr mehrere zehntausend Dateien funktionieren als auch eine Schnittstelle nach aussen bieten, die eine Kombination aus interner und externen Nomenklatur erm\u00f6glicht.<\/p>\n<p><strong>Trialectic<\/strong><br \/>\n<a href=\"http:\/\/cassianherzog.de\/wordpress\/wp-content\/uploads\/2015\/05\/Trialectic_start.jpg\"><img loading=\"lazy\" decoding=\"async\" class=\"alignleft wp-image-644 size-medium\" title=\"Trialectic, M.Gaeckler, R.J\u00e4ger, C.Herzog, T.Kund, T.Treiber, A.Klethi, V.Payen\" src=\"http:\/\/cassianherzog.de\/wordpress\/wp-content\/uploads\/2015\/05\/Trialectic_start-300x258.jpg\" alt=\"Trialectic, M.Gaeckler, R.J\u00e4ger, C.Herzog, T.Kund, T.Treiber, A.Klethi, V.Payen\" width=\"300\" height=\"258\" \/><\/a>Trialectic ist ein Brettspiel f\u00fcr drei Spieler &#8211; Schach, M\u00fchle und Dame. Die Idee ist schon ein paar Jahrzehnte alt, jetzt ging es im Rahmen eines Studienprojektes darum, im virtuellen Team eine mehrsprachige (de\/en\/fr) Webseite\u00a0 zur Dokumentation des Spiels zu erstellen. Neben der Fertigstellung der Spielregeln und deren \u00dcbersetzung bestand die Herausforderung darin, die extrem komplexen Bewegungen der Figuren auf dem dreieckigen Spielfeld verst\u00e4ndlich zu kommunizieren. Daf\u00fcr gibt es mehrere Ebenen: Schriftliche Spielregeln, mit Bebilderung, bewegte Bilder (Flash wie auf der erstellten Webseite) und physische Illustration durch Erl\u00e4uterung auf einem echten Spielfeld. Nur die letzten beiden Varianten f\u00fchren zum gew\u00fcnschten Erfolg. Es gab nur ein gro\u00dfes Holzspielbrett. Parallel zur Fertigstellung der Webseite habe ich innerhalb von drei Wochen einen Prototypen entwickelt, um die Nutzung des Spieles zu erm\u00f6glichen. Ohne dieses Projekt h\u00e4tte ich keines der oben beschriebenen ausf\u00fchren k\u00f6nnen, es war mein erstes internationales Projekt.<\/p>\n<p>&nbsp;<\/p>\n","protected":false},"excerpt":{"rendered":"<p>Start-up Beratung Ein Start-up aus dem Bereich der alternativen Medizin ben\u00f6tigte Hilfe bei der Konzeption, Strukturierung und Umsetzung seines Aussenauftritts. Ich entwarf das Logo, unterst\u00fctzte technisch und gestalterisch das gesamte CI, angefangen von der zuk\u00fcnftigen Struktur der Datenverwaltung \u00fcber die Produktgestaltung bis hin zum Webshop f\u00fcr den Vertrieb war ich Ansprechpartner und Hilfe bei der [&hellip;]<\/p>\n","protected":false},"author":1,"featured_media":0,"parent":0,"menu_order":0,"comment_status":"closed","ping_status":"closed","template":"","meta":{"footnotes":""},"class_list":["post-167","page","type-page","status-publish","hentry"],"_links":{"self":[{"href":"http:\/\/cassianherzog.de\/index.php?rest_route=\/wp\/v2\/pages\/167","targetHints":{"allow":["GET"]}}],"collection":[{"href":"http:\/\/cassianherzog.de\/index.php?rest_route=\/wp\/v2\/pages"}],"about":[{"href":"http:\/\/cassianherzog.de\/index.php?rest_route=\/wp\/v2\/types\/page"}],"author":[{"embeddable":true,"href":"http:\/\/cassianherzog.de\/index.php?rest_route=\/wp\/v2\/users\/1"}],"replies":[{"embeddable":true,"href":"http:\/\/cassianherzog.de\/index.php?rest_route=%2Fwp%2Fv2%2Fcomments&post=167"}],"version-history":[{"count":120,"href":"http:\/\/cassianherzog.de\/index.php?rest_route=\/wp\/v2\/pages\/167\/revisions"}],"predecessor-version":[{"id":663,"href":"http:\/\/cassianherzog.de\/index.php?rest_route=\/wp\/v2\/pages\/167\/revisions\/663"}],"wp:attachment":[{"href":"http:\/\/cassianherzog.de\/index.php?rest_route=%2Fwp%2Fv2%2Fmedia&parent=167"}],"curies":[{"name":"wp","href":"https:\/\/api.w.org\/{rel}","templated":true}]}}