{"id":174,"date":"2013-08-14T19:59:21","date_gmt":"2013-08-14T17:59:21","guid":{"rendered":"http:\/\/cassianherzog.de\/wordpress\/?page_id=174"},"modified":"2017-05-27T10:00:17","modified_gmt":"2017-05-27T08:00:17","slug":"start","status":"publish","type":"page","link":"http:\/\/cassianherzog.de\/","title":{"rendered":""},"content":{"rendered":"<p><strong>Kommunikation ist der Austausch oder die \u00dcbertragung von Information mit dem Ziel, dem Empf\u00e4nger etwas mitzuteilen.<\/strong><br \/>\n<strong> In den letzten Jahrzehnten ist die Masse an Information immer gr\u00f6\u00dfer geworden. Das f\u00fchrte zu zwei Ph\u00e4nomenen:<\/strong><br \/>\n<strong> Wir brauchen neue Sensorien und Filter, um zur relevanten Information zu gelangen<\/strong><br \/>\n<strong> und<\/strong><br \/>\n<strong> jeder hat weniger Zeit, sich mit der einzelnen Information zu befassen.<\/strong><br \/>\n<strong> Daraus ergeben sich verschiedene Konsequenzen, mit denen ich mich befasse.<br \/>\nSo arbeite ich als Kommunikationsberater und erstelle\/restrukturiere Informationssysteme so, dass sie Menschen wirklich helfen. Von der Webseite \u00fcber das CI bis zur reinen \u00dcbersetzung steht die strukturelle und inhaltliche Klarheit im Vordergrund. Intuitive Verst\u00e4ndlichkeit und Bedienbarkeit sind essentiell.<br \/>\nWillkommen auf meiner Webseite.<\/strong><\/p>\n<p><strong>Communication is the exchange or the transfer of information with the aim to disclose something to the recipient.<br \/>\nIn the last few decades the mass of information became ever larger, and that led to two phenomena:<br \/>\n<\/strong><strong>We need new sensors and filters to get to the relevant pieces of information<\/strong><br \/>\n<strong>and<\/strong><br \/>\n<strong>everybody has less time to deal with a single piece of information.<br \/>\nThis results in a number of consequences, and my work is to cope with them.<br \/>\nI work as a communcation consultant (re-)compiling information systems so they really help people. Websites, CIs and the pure translations all belong to my portfolio and the focus lies on the clarity of the structure and the content. Intuitive usability is the core issue.<br \/>\nWelcome to my website.<\/strong><\/p>\n<p>&nbsp;<\/p>\n","protected":false},"excerpt":{"rendered":"<p>Kommunikation ist der Austausch oder die \u00dcbertragung von Information mit dem Ziel, dem Empf\u00e4nger etwas mitzuteilen. In den letzten Jahrzehnten ist die Masse an Information immer gr\u00f6\u00dfer geworden. Das f\u00fchrte zu zwei Ph\u00e4nomenen: Wir brauchen neue Sensorien und Filter, um zur relevanten Information zu gelangen und jeder hat weniger Zeit, sich mit der einzelnen Information [&hellip;]<\/p>\n","protected":false},"author":1,"featured_media":0,"parent":0,"menu_order":0,"comment_status":"closed","ping_status":"closed","template":"","meta":{"footnotes":""},"class_list":["post-174","page","type-page","status-publish","hentry"],"_links":{"self":[{"href":"http:\/\/cassianherzog.de\/index.php?rest_route=\/wp\/v2\/pages\/174","targetHints":{"allow":["GET"]}}],"collection":[{"href":"http:\/\/cassianherzog.de\/index.php?rest_route=\/wp\/v2\/pages"}],"about":[{"href":"http:\/\/cassianherzog.de\/index.php?rest_route=\/wp\/v2\/types\/page"}],"author":[{"embeddable":true,"href":"http:\/\/cassianherzog.de\/index.php?rest_route=\/wp\/v2\/users\/1"}],"replies":[{"embeddable":true,"href":"http:\/\/cassianherzog.de\/index.php?rest_route=%2Fwp%2Fv2%2Fcomments&post=174"}],"version-history":[{"count":29,"href":"http:\/\/cassianherzog.de\/index.php?rest_route=\/wp\/v2\/pages\/174\/revisions"}],"predecessor-version":[{"id":673,"href":"http:\/\/cassianherzog.de\/index.php?rest_route=\/wp\/v2\/pages\/174\/revisions\/673"}],"wp:attachment":[{"href":"http:\/\/cassianherzog.de\/index.php?rest_route=%2Fwp%2Fv2%2Fmedia&parent=174"}],"curies":[{"name":"wp","href":"https:\/\/api.w.org\/{rel}","templated":true}]}}