{"id":96,"date":"2013-08-11T20:01:10","date_gmt":"2013-08-11T18:01:10","guid":{"rendered":"http:\/\/cassianherzog.de\/wordpress\/?page_id=96"},"modified":"2015-04-16T09:04:49","modified_gmt":"2015-04-16T07:04:49","slug":"cv","status":"publish","type":"page","link":"http:\/\/cassianherzog.de\/?page_id=96","title":{"rendered":"CV"},"content":{"rendered":"<p><a href=\"http:\/\/cassianherzog.de\/wordpress\/wp-content\/uploads\/2013\/08\/CH_130813_0041k.gif\"><img loading=\"lazy\" decoding=\"async\" class=\"size-full wp-image-137 alignleft\" title=\"Cassian Herzog\" src=\"http:\/\/cassianherzog.de\/wordpress\/wp-content\/uploads\/2013\/08\/CH_130813_0041k.gif\" alt=\"Cassian Herzog 130813\" width=\"274\" height=\"300\" \/><\/a>Cassian Herzog<br \/>\nMSc in Multimedia Applications (University of Teesside, UK)<br \/>\nState-certified Translator for English<br \/>\nExpert in Web and Software Localisation &#8211; SDI<\/p>\n<p>Deutsch \/ <a title=\"CV English\" href=\"http:\/\/cassianherzog.de\/wordpress\/?page_id=96\/#English\">English<\/a><br \/>\nAls Sohn eines Architekten und einer Designerin bin ich am 23.03.1972 in Rom geboren und habe eine j\u00fcngere Schwester; Abitur machte ich 1992 an einem humanistischen Gymnasium in Bayern. Nach der mittleren Reife ging ich ein Jahr in S\u00fcdengland auf ein Quaker Internat (Sidcot School).<br \/>\nNach meinen Jurastudium bis zum ersten Staatsexamen habe ich am Sprachen- und Dolmetscher Institut in M\u00fcnchen (SDI) als Quereinsteiger das Studium zum \u00dcbersetzer in der halben Zeit abgeschlossen. Anschliessend folgte ein Aufbaustudium in Web und Software Lokalisierung. Nach einem Jahr Arbeit als Webdesigner ging ich f\u00fcr das Masterstudium mit Stipendium nach Middlesbrough an die University of Teesside.<br \/>\nSeit 2005 bin ich bei Herzog + Partner Architekten in M\u00fcnchen angestellt.<br \/>\nMein T\u00e4tigkeitsbereich umfasst hier unter anderem \u00dcbersetzen, \u00d6ffentlichkeitsarbeit, Erstellung und Organisation von Publikationsmaterial, Pflege der internationalen Kontakte, Archivierung und Datenmanagement.<br \/>\nSeit 2009 arbeite ich auch selbstst\u00e4ndig als Kommunikationsberater.<br \/>\nGelebt und gearbeitet habe ich in England, Italien und Mexiko.<br \/>\nSprachen: Englisch, Italienisch, Latein, Altgriechisch, Spanisch<\/p>\n<p><a name=\"English\"><\/a><span style=\"text-decoration: underline;\">English<\/span><br \/>\nI was born in Rome on the 23rd March 1972 as the son of an architect and an industrial designer, and I have a younger sister. I took my final secondary-school examinations at a classical grammar school in Bavaria in 1992. At the age of 16 I went to a Quaker boarding school (Sidcot School) in North Somerset, UK,\u00a0 for one year.<br \/>\nAfter studying law to the first state exam I went to a language school in Munich (SDI) where I was admitted straight to the second year classes, which allowed me to take my final exams after only half the time. This was followed by a postgraduate course in Web and Software Localisation. After one year of working as a webdesigner I was offered a place in the master course in multimedia applications at the University of Teesside in Middlesbrough, UK, for which I also received a scholarship.<br \/>\nSince 2005 I have been employed by Herzog + Partner Architects in Munich. Among other things my work for them comprises translations, public relations, international communications, production and management of publication material, archiving and data management.<br \/>\nSince 2009 I have been working as a freelancer in the field of communication consulting.<br \/>\nI lived and worked in the UK, Italy and Mexico.<br \/>\nLanguages: English, Italian, Latin, Ancient Greek, Spanish<\/p>\n","protected":false},"excerpt":{"rendered":"<p>Cassian Herzog MSc in Multimedia Applications (University of Teesside, UK) State-certified Translator for English Expert in Web and Software Localisation &#8211; SDI Deutsch \/ English Als Sohn eines Architekten und einer Designerin bin ich am 23.03.1972 in Rom geboren und habe eine j\u00fcngere Schwester; Abitur machte ich 1992 an einem humanistischen Gymnasium in Bayern. Nach [&hellip;]<\/p>\n","protected":false},"author":1,"featured_media":0,"parent":0,"menu_order":4,"comment_status":"closed","ping_status":"closed","template":"template-onecolumn.php","meta":{"footnotes":""},"class_list":["post-96","page","type-page","status-publish","hentry"],"_links":{"self":[{"href":"http:\/\/cassianherzog.de\/index.php?rest_route=\/wp\/v2\/pages\/96","targetHints":{"allow":["GET"]}}],"collection":[{"href":"http:\/\/cassianherzog.de\/index.php?rest_route=\/wp\/v2\/pages"}],"about":[{"href":"http:\/\/cassianherzog.de\/index.php?rest_route=\/wp\/v2\/types\/page"}],"author":[{"embeddable":true,"href":"http:\/\/cassianherzog.de\/index.php?rest_route=\/wp\/v2\/users\/1"}],"replies":[{"embeddable":true,"href":"http:\/\/cassianherzog.de\/index.php?rest_route=%2Fwp%2Fv2%2Fcomments&post=96"}],"version-history":[{"count":39,"href":"http:\/\/cassianherzog.de\/index.php?rest_route=\/wp\/v2\/pages\/96\/revisions"}],"predecessor-version":[{"id":601,"href":"http:\/\/cassianherzog.de\/index.php?rest_route=\/wp\/v2\/pages\/96\/revisions\/601"}],"wp:attachment":[{"href":"http:\/\/cassianherzog.de\/index.php?rest_route=%2Fwp%2Fv2%2Fmedia&parent=96"}],"curies":[{"name":"wp","href":"https:\/\/api.w.org\/{rel}","templated":true}]}}